{"id":1070,"date":"2017-12-06T11:35:31","date_gmt":"2017-12-06T11:35:31","guid":{"rendered":"https:\/\/the7.io\/dental\/?page_id=1070"},"modified":"2018-10-05T06:24:56","modified_gmt":"2018-10-05T06:24:56","slug":"instalaciones-estaun","status":"publish","type":"page","link":"https:\/\/www.estaun.es\/ca\/instalaciones-estaun\/","title":{"rendered":"Instal\u00b7lacions Esta\u00fan"},"content":{"rendered":"<div class=\"wpb-content-wrapper\"><p>[vc_row full_width=&#8221;stretch_row&#8221; bg_type=&#8221;image&#8221; parallax_style=&#8221;vcpb-default&#8221; bg_image_new=&#8221;id^1793|url^https:\/\/www.estaun.es\/wp-content\/uploads\/2017\/03\/s026.jpg|caption^null|alt^null|title^s026|description^null&#8221;][vc_column][vc_single_image image=&#8221;1850&#8243; img_size=&#8221;full&#8221; alignment=&#8221;center&#8221; css=&#8221;.vc_custom_1537196114354{margin-top: 0px !important;margin-right: 0px !important;margin-bottom: 0px !important;margin-left: 0px !important;padding-top: 150px !important;padding-right: 0px !important;padding-bottom: 150px !important;padding-left: 0px !important;background-position: center !important;background-repeat: no-repeat !important;background-size: cover !important;}&#8221;][\/vc_column][\/vc_row][vc_row css=&#8221;.vc_custom_1537196243297{padding-top: 55px !important;padding-bottom: 55px !important;}&#8221;][vc_column width=&#8221;1\/2&#8243;]<div id=\"ultimate-heading-830869e16ab78d874\" class=\"uvc-heading ult-adjust-bottom-margin ultimate-heading-830869e16ab78d874 uvc-6905  uvc-heading-default-font-sizes\" data-hspacer=\"no_spacer\"  data-halign=\"left\" style=\"text-align:left\"><div class=\"uvc-heading-spacer no_spacer\" style=\"top\"><\/div><div class=\"uvc-main-heading ult-responsive\"  data-ultimate-target='.uvc-heading.ultimate-heading-830869e16ab78d874 h2'  data-responsive-json-new='{\"font-size\":\"\",\"line-height\":\"\"}' ><h2 style=\"--font-weight:theme;\">Instal\u00b7lacions ESTA\u00daN<\/h2><\/div><\/div>[vc_column_text]<\/p>\n<p style=\"text-align: justify;\">Instal\u00b7lacions ESTA\u00daN, compta amb una \u00e0mplia experi\u00e8ncia dedicada a tot tipus d&#8217;instal\u00b7lacions dom\u00e8stiques, industrials i comercials.<\/p>\n<p style=\"text-align: justify;\">El nostre comprom\u00eds i professionalitat envers els nostres clients, juntament amb una gran cartera de qualificats professionals i col\u00b7laboradors, ens permet oferir un servei de qualitat contrastada per a satisfer les necessitats dels nostres clients.<\/p>\n<p style=\"text-align: justify;\">Instal\u00b7lacions ESTA\u00daN \u00e9s una empresa on la serietat, la qualitat i el comprom\u00eds s\u00f3n les principals garanties de la nostra capacitat. A l\u2019actualitat disposem d\u2019una \u00e0mplia cartera de clients que ens donen la seva confian\u00e7a i que s\u00f3n el millor est\u00edmul per seguir fent la feina ben feta. Desitjant mer\u00e8ixer tamb\u00e9 la seva confian\u00e7a, els saludem molt cordialment.<\/p>\n<p>[\/vc_column_text][\/vc_column][vc_column width=&#8221;1\/2&#8243;][vc_row_inner][vc_column_inner width=&#8221;1\/2&#8243;]<div class=\"smile_icon_list_wrap ult_info_list_container ult-adjust-bottom-margin  \"><ul class=\"smile_icon_list left square with_bg\"><li class=\"icon_list_item\" style=\" font-size:72px;\"><div class=\"icon_list_icon\" data-animation=\"\" data-animation-delay=\"03\" style=\"font-size:24px;border-width:1px;border-style:none;background:#ffffff;color:#333333;border-color:#333333;\"><i class=\"Defaults-sign-out\" ><\/i><\/div><div class=\"icon_description\" id=\"Info-list-wrap-1462\" style=\"font-size:24px;\"><h3 class=\"ult-responsive info-list-heading\"  data-ultimate-target='#Info-list-wrap-1462 h3'  data-responsive-json-new='{\"font-size\":\"desktop:16px;\",\"line-height\":\"desktop:24px;\"}'  style=\"\">Electricitat<\/h3><div class=\"icon_description_text ult-responsive\"  data-ultimate-target='#Info-list-wrap-1462 .icon_description_text'  data-responsive-json-new='{\"font-size\":\"desktop:13px;\",\"line-height\":\"desktop:18px;\"}'  style=\"\"><\/div><\/div><div class=\"icon_list_connector\"  style=\"border-right-width: 1px;border-right-style: dashed;border-color: #333333;\"><\/div><a class=\"ulimate-info-list-link\" href=\"https:\/\/www.estaun.es\/serveis-estaun-instalacions\/instal%c2%b7lacions-i-reparacions-electriques\/\" ><\/a><\/li><li class=\"icon_list_item\" style=\" font-size:72px;\"><div class=\"icon_list_icon\" data-animation=\"\" data-animation-delay=\"03\" style=\"font-size:24px;border-width:1px;border-style:none;background:#ffffff;color:#333333;border-color:#333333;\"><i class=\"Defaults-sign-out\" ><\/i><\/div><div class=\"icon_description\" id=\"Info-list-wrap-7729\" style=\"font-size:24px;\"><h3 class=\"ult-responsive info-list-heading\"  data-ultimate-target='#Info-list-wrap-7729 h3'  data-responsive-json-new='{\"font-size\":\"desktop:16px;\",\"line-height\":\"desktop:24px;\"}'  style=\"\">Calefacci\u00f3<\/h3><div class=\"icon_description_text ult-responsive\"  data-ultimate-target='#Info-list-wrap-7729 .icon_description_text'  data-responsive-json-new='{\"font-size\":\"desktop:13px;\",\"line-height\":\"desktop:18px;\"}'  style=\"\"><\/div><\/div><div class=\"icon_list_connector\"  style=\"border-right-width: 1px;border-right-style: dashed;border-color: #333333;\"><\/div><a class=\"ulimate-info-list-link\" href=\"https:\/\/www.estaun.es\/serveis-estaun-instalacions\/instal%c2%b7lacions-i-reparacions-de-calefaccio\/\" ><\/a><\/li><li class=\"icon_list_item\" style=\" font-size:72px;\"><div class=\"icon_list_icon\" data-animation=\"\" data-animation-delay=\"03\" style=\"font-size:24px;border-width:1px;border-style:none;background:#ffffff;color:#333333;border-color:#333333;\"><i class=\"Defaults-sign-out\" ><\/i><\/div><div class=\"icon_description\" id=\"Info-list-wrap-2618\" style=\"font-size:24px;\"><h3 class=\"ult-responsive info-list-heading\"  data-ultimate-target='#Info-list-wrap-2618 h3'  data-responsive-json-new='{\"font-size\":\"desktop:16px;\",\"line-height\":\"desktop:24px;\"}'  style=\"\">Aigua<\/h3><div class=\"icon_description_text ult-responsive\"  data-ultimate-target='#Info-list-wrap-2618 .icon_description_text'  data-responsive-json-new='{\"font-size\":\"desktop:13px;\",\"line-height\":\"desktop:18px;\"}'  style=\"\"><\/div><\/div><div class=\"icon_list_connector\"  style=\"border-right-width: 1px;border-right-style: dashed;border-color: #333333;\"><\/div><a class=\"ulimate-info-list-link\" href=\"https:\/\/www.estaun.es\/instal%c2%b7lacions-i-reparacions-daigua\/\" ><\/a><\/li><\/ul><\/div>[\/vc_column_inner][vc_column_inner width=&#8221;1\/2&#8243;]<div class=\"smile_icon_list_wrap ult_info_list_container ult-adjust-bottom-margin  \"><ul class=\"smile_icon_list left square with_bg\"><li class=\"icon_list_item\" style=\" font-size:72px;\"><div class=\"icon_list_icon\" data-animation=\"\" data-animation-delay=\"03\" style=\"font-size:24px;border-width:1px;border-style:none;background:#ffffff;color:#333333;border-color:#333333;\"><i class=\"Defaults-sign-in\" ><\/i><\/div><div class=\"icon_description\" id=\"Info-list-wrap-5859\" style=\"font-size:24px;\"><h3 class=\"ult-responsive info-list-heading\"  data-ultimate-target='#Info-list-wrap-5859 h3'  data-responsive-json-new='{\"font-size\":\"desktop:16px;\",\"line-height\":\"desktop:24px;\"}'  style=\"\">Aire Condicionat<\/h3><div class=\"icon_description_text ult-responsive\"  data-ultimate-target='#Info-list-wrap-5859 .icon_description_text'  data-responsive-json-new='{\"font-size\":\"desktop:13px;\",\"line-height\":\"desktop:18px;\"}'  style=\"\"><\/div><\/div><div class=\"icon_list_connector\"  style=\"border-right-width: 1px;border-right-style: dashed;border-color: #333333;\"><\/div><a class=\"ulimate-info-list-link\" href=\"https:\/\/www.estaun.es\/serveis-estaun-instalacions\/instal%c2%b7lacions-i-reparacions-daire-condicionat\/\" ><\/a><\/li><li class=\"icon_list_item\" style=\" font-size:72px;\"><div class=\"icon_list_icon\" data-animation=\"\" data-animation-delay=\"03\" style=\"font-size:24px;border-width:1px;border-style:none;background:#ffffff;color:#333333;border-color:#333333;\"><i class=\"Defaults-sign-in\" ><\/i><\/div><div class=\"icon_description\" id=\"Info-list-wrap-1149\" style=\"font-size:24px;\"><h3 class=\"ult-responsive info-list-heading\"  data-ultimate-target='#Info-list-wrap-1149 h3'  data-responsive-json-new='{\"font-size\":\"desktop:16px;\",\"line-height\":\"desktop:24px;\"}'  style=\"\">Tractaments d'iagua<\/h3><div class=\"icon_description_text ult-responsive\"  data-ultimate-target='#Info-list-wrap-1149 .icon_description_text'  data-responsive-json-new='{\"font-size\":\"desktop:13px;\",\"line-height\":\"desktop:18px;\"}'  style=\"\"><\/div><\/div><div class=\"icon_list_connector\"  style=\"border-right-width: 1px;border-right-style: dashed;border-color: #333333;\"><\/div><a class=\"ulimate-info-list-link\" href=\"https:\/\/www.estaun.es\/serveis-estaun-instalacions\/instal%c2%b7lacions-i-reparacions-de-tractaments-daigua\/\" ><\/a><\/li><li class=\"icon_list_item\" style=\" font-size:72px;\"><div class=\"icon_list_icon\" data-animation=\"\" data-animation-delay=\"03\" style=\"font-size:24px;border-width:1px;border-style:none;background:#ffffff;color:#333333;border-color:#333333;\"><i class=\"Defaults-sign-in\" ><\/i><\/div><div class=\"icon_description\" id=\"Info-list-wrap-6386\" style=\"font-size:24px;\"><h3 class=\"ult-responsive info-list-heading\"  data-ultimate-target='#Info-list-wrap-6386 h3'  data-responsive-json-new='{\"font-size\":\"desktop:16px;\",\"line-height\":\"desktop:24px;\"}'  style=\"\">Gas<\/h3><div class=\"icon_description_text ult-responsive\"  data-ultimate-target='#Info-list-wrap-6386 .icon_description_text'  data-responsive-json-new='{\"font-size\":\"desktop:13px;\",\"line-height\":\"desktop:18px;\"}'  style=\"\"><\/div><\/div><div class=\"icon_list_connector\"  style=\"border-right-width: 1px;border-right-style: dashed;border-color: #333333;\"><\/div><a class=\"ulimate-info-list-link\" href=\"https:\/\/www.estaun.es\/serveis-estaun-instalacions\/instal%c2%b7lacions-i-reparacions-de-gas\/\" ><\/a><\/li><\/ul><\/div>[\/vc_column_inner][\/vc_row_inner][vc_row_inner][vc_column_inner][vc_btn title=&#8221;Contacte i pressupostos&#8221; color=&#8221;success&#8221; align=&#8221;center&#8221; link=&#8221;url:https%3A%2F%2Fwww.estaun.es%2Fcontacte-instalacions-estaun%2F|||&#8221;][\/vc_column_inner][\/vc_row_inner][\/vc_column][\/vc_row][vc_row][vc_column][vc_column_text]<\/p>\n<p>[\/vc_column_text][\/vc_column][\/vc_row]<\/p>\n<\/div>","protected":false},"excerpt":{"rendered":"<p>[vc_row full_width=&#8221;stretch_row&#8221; bg_type=&#8221;image&#8221; parallax_style=&#8221;vcpb-default&#8221; bg_image_new=&#8221;id^1793|url^https:\/\/www.estaun.es\/wp-content\/uploads\/2017\/03\/s026.jpg|caption^null|alt^null|title^s026|description^null&#8221;][vc_column][vc_single_image image=&#8221;1850&#8243; img_size=&#8221;full&#8221; alignment=&#8221;center&#8221; css=&#8221;.vc_custom_1537196114354{margin-top: 0px !important;margin-right: 0px !important;margin-bottom: 0px !important;margin-left: 0px !important;padding-top: 150px !important;padding-right: 0px !important;padding-bottom: 150px !important;padding-left: 0px !important;background-position: center !important;background-repeat: no-repeat !important;background-size: cover !important;}&#8221;][\/vc_column][\/vc_row][vc_row css=&#8221;.vc_custom_1537196243297{padding-top: 55px !important;padding-bottom: 55px !important;}&#8221;][vc_column width=&#8221;1\/2&#8243;][vc_column_text] Instal\u00b7lacions ESTA\u00daN, compta amb una \u00e0mplia experi\u00e8ncia dedicada a tot tipus d&#8217;instal\u00b7lacions dom\u00e8stiques, industrials i comercials. El nostre&hellip;<\/p>\n","protected":false},"author":3,"featured_media":0,"parent":0,"menu_order":20,"comment_status":"closed","ping_status":"closed","template":"","meta":{"footnotes":""},"class_list":["post-1070","page","type-page","status-publish","hentry","description-off"],"yoast_head":"<!-- This site is optimized with the Yoast SEO plugin v25.2 - https:\/\/yoast.com\/wordpress\/plugins\/seo\/ -->\n<title>ESTA\u00daN - Experts en instal\u00b7lacions dom\u00e8stiques, industrials i comercials<\/title>\n<meta name=\"description\" content=\"Som una empresa dedicada a tot tipus d\u2019instal\u00b7lacions dom\u00e8stiques, industrials i comercials. Electricitat, calefacci\u00f3. aigua, aire condicionat. tractaments d\u2019aigua i gas.\" \/>\n<meta name=\"robots\" content=\"index, follow, max-snippet:-1, max-image-preview:large, max-video-preview:-1\" \/>\n<link rel=\"canonical\" href=\"https:\/\/www.estaun.es\/ca\/instalaciones-estaun\/\" \/>\n<meta property=\"og:locale\" content=\"ca_ES\" \/>\n<meta property=\"og:type\" content=\"article\" \/>\n<meta property=\"og:title\" content=\"ESTA\u00daN - Experts en instal\u00b7lacions dom\u00e8stiques, industrials i comercials\" \/>\n<meta property=\"og:description\" content=\"Som una empresa dedicada a tot tipus d\u2019instal\u00b7lacions dom\u00e8stiques, industrials i comercials. Electricitat, calefacci\u00f3. aigua, aire condicionat. tractaments d\u2019aigua i gas.\" \/>\n<meta property=\"og:url\" content=\"https:\/\/www.estaun.es\/ca\/instalaciones-estaun\/\" \/>\n<meta property=\"og:site_name\" content=\"Instal\u00b7lacions Estaun experts en instal\u00b7lacions dom\u00e8stiques, industrials i comercials\" \/>\n<meta property=\"article:modified_time\" content=\"2018-10-05T06:24:56+00:00\" \/>\n<meta name=\"twitter:card\" content=\"summary_large_image\" \/>\n<meta name=\"twitter:label1\" content=\"Temps estimat de lectura\" \/>\n\t<meta name=\"twitter:data1\" content=\"3 minuts\" \/>\n<script type=\"application\/ld+json\" class=\"yoast-schema-graph\">{\"@context\":\"https:\/\/schema.org\",\"@graph\":[{\"@type\":\"WebPage\",\"@id\":\"https:\/\/www.estaun.es\/ca\/instalaciones-estaun\/\",\"url\":\"https:\/\/www.estaun.es\/ca\/instalaciones-estaun\/\",\"name\":\"ESTA\u00daN - Experts en instal\u00b7lacions dom\u00e8stiques, industrials i comercials\",\"isPartOf\":{\"@id\":\"https:\/\/www.estaun.es\/ca\/#website\"},\"datePublished\":\"2017-12-06T11:35:31+00:00\",\"dateModified\":\"2018-10-05T06:24:56+00:00\",\"description\":\"Som una empresa dedicada a tot tipus d\u2019instal\u00b7lacions dom\u00e8stiques, industrials i comercials. Electricitat, calefacci\u00f3. aigua, aire condicionat. tractaments d\u2019aigua i gas.\",\"breadcrumb\":{\"@id\":\"https:\/\/www.estaun.es\/ca\/instalaciones-estaun\/#breadcrumb\"},\"inLanguage\":\"ca\",\"potentialAction\":[{\"@type\":\"ReadAction\",\"target\":[\"https:\/\/www.estaun.es\/ca\/instalaciones-estaun\/\"]}]},{\"@type\":\"BreadcrumbList\",\"@id\":\"https:\/\/www.estaun.es\/ca\/instalaciones-estaun\/#breadcrumb\",\"itemListElement\":[{\"@type\":\"ListItem\",\"position\":1,\"name\":\"Portada\",\"item\":\"https:\/\/www.estaun.es\/ca\/\"},{\"@type\":\"ListItem\",\"position\":2,\"name\":\"Instal\u00b7lacions Esta\u00fan\"}]},{\"@type\":\"WebSite\",\"@id\":\"https:\/\/www.estaun.es\/ca\/#website\",\"url\":\"https:\/\/www.estaun.es\/ca\/\",\"name\":\"Instal\u00b7lacions Estaun\",\"description\":\"Expertos en instalaciones de Calderas, Aires Acondicionados, Gas y Agua\",\"publisher\":{\"@id\":\"https:\/\/www.estaun.es\/ca\/#organization\"},\"potentialAction\":[{\"@type\":\"SearchAction\",\"target\":{\"@type\":\"EntryPoint\",\"urlTemplate\":\"https:\/\/www.estaun.es\/ca\/?s={search_term_string}\"},\"query-input\":{\"@type\":\"PropertyValueSpecification\",\"valueRequired\":true,\"valueName\":\"search_term_string\"}}],\"inLanguage\":\"ca\"},{\"@type\":\"Organization\",\"@id\":\"https:\/\/www.estaun.es\/ca\/#organization\",\"name\":\"INSTAL\u00b7LACIONS ESTAUN\",\"url\":\"https:\/\/www.estaun.es\/ca\/\",\"logo\":{\"@type\":\"ImageObject\",\"inLanguage\":\"ca\",\"@id\":\"https:\/\/www.estaun.es\/ca\/#\/schema\/logo\/image\/\",\"url\":\"https:\/\/www.estaun.es\/wp-content\/uploads\/2018\/08\/logo-estaun-instalaciones-grupo-myovalles.png\",\"contentUrl\":\"https:\/\/www.estaun.es\/wp-content\/uploads\/2018\/08\/logo-estaun-instalaciones-grupo-myovalles.png\",\"width\":200,\"height\":51,\"caption\":\"INSTAL\u00b7LACIONS ESTAUN\"},\"image\":{\"@id\":\"https:\/\/www.estaun.es\/ca\/#\/schema\/logo\/image\/\"}}]}<\/script>\n<!-- \/ Yoast SEO plugin. -->","yoast_head_json":{"title":"ESTA\u00daN - Experts en instal\u00b7lacions dom\u00e8stiques, industrials i comercials","description":"Som una empresa dedicada a tot tipus d\u2019instal\u00b7lacions dom\u00e8stiques, industrials i comercials. Electricitat, calefacci\u00f3. aigua, aire condicionat. tractaments d\u2019aigua i gas.","robots":{"index":"index","follow":"follow","max-snippet":"max-snippet:-1","max-image-preview":"max-image-preview:large","max-video-preview":"max-video-preview:-1"},"canonical":"https:\/\/www.estaun.es\/ca\/instalaciones-estaun\/","og_locale":"ca_ES","og_type":"article","og_title":"ESTA\u00daN - Experts en instal\u00b7lacions dom\u00e8stiques, industrials i comercials","og_description":"Som una empresa dedicada a tot tipus d\u2019instal\u00b7lacions dom\u00e8stiques, industrials i comercials. Electricitat, calefacci\u00f3. aigua, aire condicionat. tractaments d\u2019aigua i gas.","og_url":"https:\/\/www.estaun.es\/ca\/instalaciones-estaun\/","og_site_name":"Instal\u00b7lacions Estaun experts en instal\u00b7lacions dom\u00e8stiques, industrials i comercials","article_modified_time":"2018-10-05T06:24:56+00:00","twitter_card":"summary_large_image","twitter_misc":{"Temps estimat de lectura":"3 minuts"},"schema":{"@context":"https:\/\/schema.org","@graph":[{"@type":"WebPage","@id":"https:\/\/www.estaun.es\/ca\/instalaciones-estaun\/","url":"https:\/\/www.estaun.es\/ca\/instalaciones-estaun\/","name":"ESTA\u00daN - Experts en instal\u00b7lacions dom\u00e8stiques, industrials i comercials","isPartOf":{"@id":"https:\/\/www.estaun.es\/ca\/#website"},"datePublished":"2017-12-06T11:35:31+00:00","dateModified":"2018-10-05T06:24:56+00:00","description":"Som una empresa dedicada a tot tipus d\u2019instal\u00b7lacions dom\u00e8stiques, industrials i comercials. Electricitat, calefacci\u00f3. aigua, aire condicionat. tractaments d\u2019aigua i gas.","breadcrumb":{"@id":"https:\/\/www.estaun.es\/ca\/instalaciones-estaun\/#breadcrumb"},"inLanguage":"ca","potentialAction":[{"@type":"ReadAction","target":["https:\/\/www.estaun.es\/ca\/instalaciones-estaun\/"]}]},{"@type":"BreadcrumbList","@id":"https:\/\/www.estaun.es\/ca\/instalaciones-estaun\/#breadcrumb","itemListElement":[{"@type":"ListItem","position":1,"name":"Portada","item":"https:\/\/www.estaun.es\/ca\/"},{"@type":"ListItem","position":2,"name":"Instal\u00b7lacions Esta\u00fan"}]},{"@type":"WebSite","@id":"https:\/\/www.estaun.es\/ca\/#website","url":"https:\/\/www.estaun.es\/ca\/","name":"Instal\u00b7lacions Estaun","description":"Expertos en instalaciones de Calderas, Aires Acondicionados, Gas y Agua","publisher":{"@id":"https:\/\/www.estaun.es\/ca\/#organization"},"potentialAction":[{"@type":"SearchAction","target":{"@type":"EntryPoint","urlTemplate":"https:\/\/www.estaun.es\/ca\/?s={search_term_string}"},"query-input":{"@type":"PropertyValueSpecification","valueRequired":true,"valueName":"search_term_string"}}],"inLanguage":"ca"},{"@type":"Organization","@id":"https:\/\/www.estaun.es\/ca\/#organization","name":"INSTAL\u00b7LACIONS ESTAUN","url":"https:\/\/www.estaun.es\/ca\/","logo":{"@type":"ImageObject","inLanguage":"ca","@id":"https:\/\/www.estaun.es\/ca\/#\/schema\/logo\/image\/","url":"https:\/\/www.estaun.es\/wp-content\/uploads\/2018\/08\/logo-estaun-instalaciones-grupo-myovalles.png","contentUrl":"https:\/\/www.estaun.es\/wp-content\/uploads\/2018\/08\/logo-estaun-instalaciones-grupo-myovalles.png","width":200,"height":51,"caption":"INSTAL\u00b7LACIONS ESTAUN"},"image":{"@id":"https:\/\/www.estaun.es\/ca\/#\/schema\/logo\/image\/"}}]}},"_links":{"self":[{"href":"https:\/\/www.estaun.es\/ca\/wp-json\/wp\/v2\/pages\/1070","targetHints":{"allow":["GET"]}}],"collection":[{"href":"https:\/\/www.estaun.es\/ca\/wp-json\/wp\/v2\/pages"}],"about":[{"href":"https:\/\/www.estaun.es\/ca\/wp-json\/wp\/v2\/types\/page"}],"author":[{"embeddable":true,"href":"https:\/\/www.estaun.es\/ca\/wp-json\/wp\/v2\/users\/3"}],"replies":[{"embeddable":true,"href":"https:\/\/www.estaun.es\/ca\/wp-json\/wp\/v2\/comments?post=1070"}],"version-history":[{"count":20,"href":"https:\/\/www.estaun.es\/ca\/wp-json\/wp\/v2\/pages\/1070\/revisions"}],"predecessor-version":[{"id":2122,"href":"https:\/\/www.estaun.es\/ca\/wp-json\/wp\/v2\/pages\/1070\/revisions\/2122"}],"wp:attachment":[{"href":"https:\/\/www.estaun.es\/ca\/wp-json\/wp\/v2\/media?parent=1070"}],"curies":[{"name":"wp","href":"https:\/\/api.w.org\/{rel}","templated":true}]}}