{"id":1080,"date":"2017-12-06T11:42:00","date_gmt":"2017-12-06T11:42:00","guid":{"rendered":"https:\/\/the7.io\/dental\/?page_id=1080"},"modified":"2019-02-01T08:45:06","modified_gmt":"2019-02-01T08:45:06","slug":"contacte-instalacions-estaun","status":"publish","type":"page","link":"https:\/\/www.estaun.es\/ca\/contacte-instalacions-estaun\/","title":{"rendered":"Contacte"},"content":{"rendered":"<div class=\"wpb-content-wrapper\"><p>[vc_row css=&#8221;.vc_custom_1538475006546{padding-top: 55px !important;}&#8221;][vc_column width=&#8221;1\/2&#8243;]<div class=\"aio-icon-component  vc_custom_1549010552016   style_1\"><div id=\"Info-box-wrap-8424\" class=\"aio-icon-box left-icon\" style=\"\"  ><div class=\"aio-icon-left\"><div class=\"ult-just-icon-wrapper  \"><div class=\"align-icon\" style=\"text-align:center;\">\n<div class=\"aio-icon advanced \"  style=\"color:#0b56ac;border-style:;border-color:#333333;border-width:1px;width:50px;height:50px;line-height:50px;border-radius:500px;font-size:24px;display:inline-block;\">\n\t<i class=\"Defaults-map-marker\"><\/i>\n<\/div><\/div><\/div><\/div><div class=\"aio-ibd-block\"><div class=\"aio-icon-header\" ><h3 class=\"aio-icon-title ult-responsive\"  data-ultimate-target='#Info-box-wrap-8424 .aio-icon-title'  data-responsive-json-new='{\"font-size\":\"desktop:16px;\",\"line-height\":\"desktop:16px;\"}'  style=\"font-weight:bold;\">Direcci\u00f3<\/h3><\/div> <!-- header --><div class=\"aio-icon-description ult-responsive\"  data-ultimate-target='#Info-box-wrap-8424 .aio-icon-description'  data-responsive-json-new='{\"font-size\":\"\",\"line-height\":\"\"}'  style=\"\">Carrer de Dalt 21<br \/>\n08232 Viladecavalls<\/div> <!-- description --><\/div> <!-- aio-ibd-block --><\/div> <!-- aio-icon-box --><\/div> <!-- aio-icon-component --><div class=\"aio-icon-component  vc_custom_1538491798042   style_1\"><div id=\"Info-box-wrap-7921\" class=\"aio-icon-box left-icon\" style=\"\"  ><div class=\"aio-icon-left\"><div class=\"ult-just-icon-wrapper  \"><div class=\"align-icon\" style=\"text-align:center;\">\n<div class=\"aio-icon advanced \"  style=\"color:#0b56ac;border-style:;border-color:#333333;border-width:1px;width:50px;height:50px;line-height:50px;border-radius:500px;font-size:24px;display:inline-block;\">\n\t<i class=\"Defaults-phone\"><\/i>\n<\/div><\/div><\/div><\/div><div class=\"aio-ibd-block\"><div class=\"aio-icon-header\" ><h3 class=\"aio-icon-title ult-responsive\"  data-ultimate-target='#Info-box-wrap-7921 .aio-icon-title'  data-responsive-json-new='{\"font-size\":\"desktop:16px;\",\"line-height\":\"desktop:16px;\"}'  style=\"font-weight:bold;\">Tel\u00e8fon<\/h3><\/div> <!-- header --><div class=\"aio-icon-description ult-responsive\"  data-ultimate-target='#Info-box-wrap-7921 .aio-icon-description'  data-responsive-json-new='{\"font-size\":\"\",\"line-height\":\"\"}'  style=\"\">632 815 072<\/div> <!-- description --><\/div> <!-- aio-ibd-block --><\/div> <!-- aio-icon-box --><\/div> <!-- aio-icon-component -->[\/vc_column][vc_column width=&#8221;1\/2&#8243;]<div class=\"aio-icon-component  vc_custom_1538491835977   style_1\"><div id=\"Info-box-wrap-5193\" class=\"aio-icon-box left-icon\" style=\"\"  ><div class=\"aio-icon-left\"><div class=\"ult-just-icon-wrapper  \"><div class=\"align-icon\" style=\"text-align:center;\">\n<div class=\"aio-icon advanced \"  style=\"color:#0b56ac;border-style:;border-color:#333333;border-width:1px;width:50px;height:50px;line-height:50px;border-radius:500px;font-size:24px;display:inline-block;\">\n\t<i class=\"Defaults-envelope-o\"><\/i>\n<\/div><\/div><\/div><\/div><div class=\"aio-ibd-block\"><div class=\"aio-icon-header\" ><h3 class=\"aio-icon-title ult-responsive\"  data-ultimate-target='#Info-box-wrap-5193 .aio-icon-title'  data-responsive-json-new='{\"font-size\":\"desktop:16px;\",\"line-height\":\"desktop:16px;\"}'  style=\"\">Email<\/h3><\/div> <!-- header --><div class=\"aio-icon-description ult-responsive\"  data-ultimate-target='#Info-box-wrap-5193 .aio-icon-description'  data-responsive-json-new='{\"font-size\":\"\",\"line-height\":\"\"}'  style=\"\">info@estaun.es<\/div> <!-- description --><\/div> <!-- aio-ibd-block --><\/div> <!-- aio-icon-box --><\/div> <!-- aio-icon-component --><div class=\"aio-icon-component  vc_custom_1538491874893   style_1\"><div id=\"Info-box-wrap-9119\" class=\"aio-icon-box left-icon\" style=\"\"  ><div class=\"aio-icon-left\"><div class=\"ult-just-icon-wrapper  \"><div class=\"align-icon\" style=\"text-align:center;\">\n<div class=\"aio-icon advanced \"  style=\"color:#0b56ac;border-style:;border-color:#333333;border-width:1px;width:50px;height:50px;line-height:50px;border-radius:500px;font-size:24px;display:inline-block;\">\n\t<i class=\"icomoon-icomoonfree-16x16-clock\"><\/i>\n<\/div><\/div><\/div><\/div><div class=\"aio-ibd-block\"><div class=\"aio-icon-header\" ><h3 class=\"aio-icon-title ult-responsive\"  data-ultimate-target='#Info-box-wrap-9119 .aio-icon-title'  data-responsive-json-new='{\"font-size\":\"desktop:16px;\",\"line-height\":\"desktop:16px;\"}'  style=\"font-weight:bold;\">HORARI<\/h3><\/div> <!-- header --><div class=\"aio-icon-description ult-responsive\"  data-ultimate-target='#Info-box-wrap-9119 .aio-icon-description'  data-responsive-json-new='{\"font-size\":\"\",\"line-height\":\"\"}'  style=\"\">Dilluns a Divendres de 8:00 a 13:00 i de 15:00 a 18:00<\/div> <!-- description --><\/div> <!-- aio-ibd-block --><\/div> <!-- aio-icon-box --><\/div> <!-- aio-icon-component -->[\/vc_column][\/vc_row][vc_row css=&#8221;.vc_custom_1538478025344{padding-top: 55px !important;}&#8221;][vc_column][vc_gmaps link=&#8221;#E-8_JTNDaWZyYW1lJTIwc3JjJTNEJTIyaHR0cHMlM0ElMkYlMkZ3d3cuZ29vZ2xlLmNvbSUyRm1hcHMlMkZlbWJlZCUzRnBiJTNEJTIxMW0xOCUyMTFtMTIlMjExbTMlMjExZDI5ODUuNjk1OTYwMTA0ODI4NCUyMTJkMS45NTEyMTU3MTU0MzA5NzI2JTIxM2Q0MS41NTQxNzk4NzkyNDkzJTIxMm0zJTIxMWYwJTIxMmYwJTIxM2YwJTIxM20yJTIxMWkxMDI0JTIxMmk3NjglMjE0ZjEzLjElMjEzbTMlMjExbTIlMjExczB4MTJhNDhkMDM1MDQ2NmZmMSUyNTNBMHgyNTVhNzU4MzJhZDBlYzEwJTIxMnNJbnN0YWwlMjVDMiUyNUI3bGFjaW9ucyUyQkVzdGElMjVDMyUyNUJBbiUyMTVlMCUyMTNtMiUyMTFzZXMlMjEyc2VzJTIxNHYxNTQ5MDA5NjgxNjc1JTIyJTIwJTIwd2lkdGglM0QlMjIxMDAlMjUlMjIlMjBoZWlnaHQlM0QlMjI1NTAlMjIlMjBmcmFtZWJvcmRlciUzRCUyMjAlMjIlMjBzdHlsZSUzRCUyMmJvcmRlciUzQTAlMjIlMjBhbGxvd2Z1bGxzY3JlZW4lM0UlM0MlMkZpZnJhbWUlM0U=&#8221; css=&#8221;.vc_custom_1549010466840{margin-top: 0px !important;margin-right: 0px !important;margin-bottom: 0px !important;margin-left: 0px !important;padding-top: 0px !important;padding-right: 0px !important;padding-bottom: 0px !important;padding-left: 0px !important;}&#8221;][\/vc_column][\/vc_row][vc_row bg_type=&#8221;image&#8221; parallax_style=&#8221;vcpb-default&#8221; bg_image_new=&#8221;id^2053|url^https:\/\/www.estaun.es\/wp-content\/uploads\/2018\/10\/estaun-background.jpg|caption^null|alt^null|title^estaun-background|description^null&#8221; bg_image_size=&#8221;initial&#8221; bg_override=&#8221;ex-full&#8221; css=&#8221;.vc_custom_1538474237027{margin-top: 50px !important;padding-top: 55px !important;padding-bottom: 55px !important;}&#8221;][vc_column width=&#8221;1\/4&#8243;][\/vc_column][vc_column width=&#8221;1\/2&#8243;]<div id=\"ultimate-heading-664769d62fcbb3ce4\" class=\"uvc-heading ult-adjust-bottom-margin ultimate-heading-664769d62fcbb3ce4 uvc-7634  uvc-heading-default-font-sizes\" data-hspacer=\"no_spacer\"  data-halign=\"center\" style=\"text-align:center\"><div class=\"uvc-heading-spacer no_spacer\" style=\"top\"><\/div><div class=\"uvc-main-heading ult-responsive\"  data-ultimate-target='.uvc-heading.ultimate-heading-664769d62fcbb3ce4 h2'  data-responsive-json-new='{\"font-size\":\"\",\"line-height\":\"\"}' ><h2 style=\"--font-weight:theme;\">FORMULARI DE CONTACTE<\/h2><\/div><div class=\"uvc-sub-heading ult-responsive\"  data-ultimate-target='.uvc-heading.ultimate-heading-664769d62fcbb3ce4 .uvc-sub-heading '  data-responsive-json-new='{\"font-size\":\"\",\"line-height\":\"\"}'  style=\"font-weight:normal;\"><\/p>\n<p style=\"text-align: center;\">Demani informaci\u00f3 dels nostres serveis o un pressupost personalitzat<\/p>\n<p><\/div><\/div>\n<div class=\"wpcf7 no-js\" id=\"wpcf7-f2050-o1\" lang=\"ca\" dir=\"ltr\" data-wpcf7-id=\"2050\">\n<div class=\"screen-reader-response\"><p role=\"status\" aria-live=\"polite\" aria-atomic=\"true\"><\/p> <ul><\/ul><\/div>\n<form action=\"\/ca\/wp-json\/wp\/v2\/pages\/1080#wpcf7-f2050-o1\" method=\"post\" class=\"wpcf7-form init\" aria-label=\"Formulari de contacte\" novalidate=\"novalidate\" data-status=\"init\">\n<div style=\"display: none;\">\n<input type=\"hidden\" name=\"_wpcf7\" value=\"2050\" \/>\n<input type=\"hidden\" name=\"_wpcf7_version\" value=\"6.0.6\" \/>\n<input type=\"hidden\" name=\"_wpcf7_locale\" value=\"ca\" \/>\n<input type=\"hidden\" name=\"_wpcf7_unit_tag\" value=\"wpcf7-f2050-o1\" \/>\n<input type=\"hidden\" name=\"_wpcf7_container_post\" value=\"0\" \/>\n<input type=\"hidden\" name=\"_wpcf7_posted_data_hash\" value=\"\" \/>\n<input type=\"hidden\" name=\"_wpcf7_recaptcha_response\" value=\"\" \/>\n<\/div>\n<p><label> Nom i cognom (*)<br \/>\n<span class=\"wpcf7-form-control-wrap\" data-name=\"your-name\"><input size=\"40\" maxlength=\"400\" class=\"wpcf7-form-control wpcf7-text wpcf7-validates-as-required\" aria-required=\"true\" aria-invalid=\"false\" value=\"\" type=\"text\" name=\"your-name\" \/><\/span> <\/label>\n<\/p>\n<p><label> Email (*)<br \/>\n<span class=\"wpcf7-form-control-wrap\" data-name=\"your-email\"><input size=\"40\" maxlength=\"400\" class=\"wpcf7-form-control wpcf7-email wpcf7-validates-as-required wpcf7-text wpcf7-validates-as-email\" aria-required=\"true\" aria-invalid=\"false\" value=\"\" type=\"email\" name=\"your-email\" \/><\/span> <\/label>\n<\/p>\n<p><label> Tel\u00e8fon (*)<br \/>\n<span class=\"wpcf7-form-control-wrap\" data-name=\"tel-830\"><input size=\"40\" maxlength=\"400\" class=\"wpcf7-form-control wpcf7-tel wpcf7-validates-as-required wpcf7-text wpcf7-validates-as-tel\" aria-required=\"true\" aria-invalid=\"false\" value=\"\" type=\"tel\" name=\"tel-830\" \/><\/span> <\/label>\n<\/p>\n<p><label> Sel\u00b7leciona servei (*)<br \/>\n<span class=\"wpcf7-form-control-wrap\" data-name=\"menu-899\"><select class=\"wpcf7-form-control wpcf7-select wpcf7-validates-as-required\" aria-required=\"true\" aria-invalid=\"false\" name=\"menu-899\"><option value=\"Pressupost personalitzat\">Pressupost personalitzat<\/option><option value=\"Electricitat\">Electricitat<\/option><option value=\"Calefacci\u00f3\">Calefacci\u00f3<\/option><option value=\"Tractaments d&#039;aigua\">Tractaments d&#039;aigua<\/option><option value=\"Aire acondicionat\">Aire acondicionat<\/option><option value=\"Gas\">Gas<\/option><option value=\"Aigua\">Aigua<\/option><\/select><\/span> <\/label>\n<\/p>\n<p><label> Breu descripci\u00f3<br \/>\n<span class=\"wpcf7-form-control-wrap\" data-name=\"your-subject\"><input size=\"40\" maxlength=\"400\" class=\"wpcf7-form-control wpcf7-text\" aria-invalid=\"false\" value=\"\" type=\"text\" name=\"your-subject\" \/><\/span> <\/label>\n<\/p>\n<p><span class=\"wpcf7-form-control-wrap\" data-name=\"checkbox-839\"><span class=\"wpcf7-form-control wpcf7-checkbox wpcf7-validates-as-required\"><span class=\"wpcf7-list-item first last\"><input type=\"checkbox\" name=\"checkbox-839[]\" value=\"\" \/><span class=\"wpcf7-list-item-label\"><\/span><\/span><\/span><\/span><span style=\"font-size:9px; text-align:justify;\"> INSTAL\u00b7LACIONS ESTAUN, SL. tratar\u00e1, como responsable, sus datos personales para la gesti\u00f3n de la informaci\u00f3n de actividades, productos y servicios relacionados de INSTAL LACIONS ESTAUN, SL. La base legal para el tratamiento de sus datos es el presente consentimiento. Para poder enviarle informaci\u00f3n sobre las actividades, productos y servicios relacionados INSTAL LACIONS ESTAUN, SL. por cualquier medio, incluido el correo electr\u00f3nico, es necesario que lo indique expresamente marcando la casilla. Podr\u00e1 ejercitar los derechos de acceso, rectificaci\u00f3n, supresi\u00f3n, portabilidad, oposici\u00f3n y limitaci\u00f3n al tratamiento de sus datos, dirigi\u00e9ndose a la Calle dels ametllers, N\u00ba3 08232 Viladecavalls (Barcelona), as\u00ed como tambi\u00e9n por nuestro correo electr\u00f3nico:info@estaun.es y en nuestra p\u00e1gina web: http:\/\/www.estaun.es\/.<\/span>\n<\/p>\n<p><input class=\"wpcf7-form-control wpcf7-submit has-spinner\" type=\"submit\" value=\"Enviar\" \/>\n<\/p><div class=\"wpcf7-response-output\" aria-hidden=\"true\"><\/div>\n<\/form>\n<\/div>\n[\/vc_column][vc_column width=&#8221;1\/4&#8243;][\/vc_column][\/vc_row]<\/p>\n<\/div>","protected":false},"excerpt":{"rendered":"<p>[vc_row css=&#8221;.vc_custom_1538475006546{padding-top: 55px !important;}&#8221;][vc_column width=&#8221;1\/2&#8243;][\/vc_column][vc_column width=&#8221;1\/2&#8243;][\/vc_column][\/vc_row][vc_row css=&#8221;.vc_custom_1538478025344{padding-top: 55px !important;}&#8221;][vc_column][vc_gmaps link=&#8221;#E-8_JTNDaWZyYW1lJTIwc3JjJTNEJTIyaHR0cHMlM0ElMkYlMkZ3d3cuZ29vZ2xlLmNvbSUyRm1hcHMlMkZlbWJlZCUzRnBiJTNEJTIxMW0xOCUyMTFtMTIlMjExbTMlMjExZDI5ODUuNjk1OTYwMTA0ODI4NCUyMTJkMS45NTEyMTU3MTU0MzA5NzI2JTIxM2Q0MS41NTQxNzk4NzkyNDkzJTIxMm0zJTIxMWYwJTIxMmYwJTIxM2YwJTIxM20yJTIxMWkxMDI0JTIxMmk3NjglMjE0ZjEzLjElMjEzbTMlMjExbTIlMjExczB4MTJhNDhkMDM1MDQ2NmZmMSUyNTNBMHgyNTVhNzU4MzJhZDBlYzEwJTIxMnNJbnN0YWwlMjVDMiUyNUI3bGFjaW9ucyUyQkVzdGElMjVDMyUyNUJBbiUyMTVlMCUyMTNtMiUyMTFzZXMlMjEyc2VzJTIxNHYxNTQ5MDA5NjgxNjc1JTIyJTIwJTIwd2lkdGglM0QlMjIxMDAlMjUlMjIlMjBoZWlnaHQlM0QlMjI1NTAlMjIlMjBmcmFtZWJvcmRlciUzRCUyMjAlMjIlMjBzdHlsZSUzRCUyMmJvcmRlciUzQTAlMjIlMjBhbGxvd2Z1bGxzY3JlZW4lM0UlM0MlMkZpZnJhbWUlM0U=&#8221; css=&#8221;.vc_custom_1549010466840{margin-top: 0px !important;margin-right: 0px !important;margin-bottom: 0px !important;margin-left: 0px !important;padding-top: 0px !important;padding-right: 0px !important;padding-bottom: 0px !important;padding-left: 0px !important;}&#8221;][\/vc_column][\/vc_row][vc_row bg_type=&#8221;image&#8221; parallax_style=&#8221;vcpb-default&#8221; bg_image_new=&#8221;id^2053|url^https:\/\/www.estaun.es\/wp-content\/uploads\/2018\/10\/estaun-background.jpg|caption^null|alt^null|title^estaun-background|description^null&#8221; bg_image_size=&#8221;initial&#8221; bg_override=&#8221;ex-full&#8221; css=&#8221;.vc_custom_1538474237027{margin-top: 50px !important;padding-top: 55px !important;padding-bottom: 55px !important;}&#8221;][vc_column width=&#8221;1\/4&#8243;][\/vc_column][vc_column width=&#8221;1\/2&#8243;][\/vc_column][vc_column width=&#8221;1\/4&#8243;][\/vc_column][\/vc_row]<\/p>\n","protected":false},"author":3,"featured_media":0,"parent":0,"menu_order":70,"comment_status":"closed","ping_status":"closed","template":"","meta":{"footnotes":""},"class_list":["post-1080","page","type-page","status-publish","hentry","description-off"],"yoast_head":"<!-- This site is optimized with the Yoast SEO plugin v25.2 - https:\/\/yoast.com\/wordpress\/plugins\/seo\/ -->\n<title>Contacte Instal\u00b7lacions ESTA\u00daN | Dom\u00e8stiques, industrials i comercials.<\/title>\n<meta name=\"description\" content=\"Contacte ESTA\u00daN, experts en electricitat, calefacci\u00f3, aigua, aire condicionat, tractaments d\u2019aigua i gas. Solicita la teva oferta sense comprom\u00eds\" \/>\n<meta name=\"robots\" content=\"index, follow, max-snippet:-1, max-image-preview:large, max-video-preview:-1\" \/>\n<link rel=\"canonical\" href=\"https:\/\/www.estaun.es\/ca\/contacte-instalacions-estaun\/\" \/>\n<meta property=\"og:locale\" content=\"ca_ES\" \/>\n<meta property=\"og:type\" content=\"article\" \/>\n<meta property=\"og:title\" content=\"Contacte Instal\u00b7lacions ESTA\u00daN | Dom\u00e8stiques, industrials i comercials.\" \/>\n<meta property=\"og:description\" content=\"Contacte ESTA\u00daN, experts en electricitat, calefacci\u00f3, aigua, aire condicionat, tractaments d\u2019aigua i gas. Solicita la teva oferta sense comprom\u00eds\" \/>\n<meta property=\"og:url\" content=\"https:\/\/www.estaun.es\/ca\/contacte-instalacions-estaun\/\" \/>\n<meta property=\"og:site_name\" content=\"Instal\u00b7lacions Estaun experts en instal\u00b7lacions dom\u00e8stiques, industrials i comercials\" \/>\n<meta property=\"article:modified_time\" content=\"2019-02-01T08:45:06+00:00\" \/>\n<meta name=\"twitter:card\" content=\"summary_large_image\" \/>\n<meta name=\"twitter:label1\" content=\"Temps estimat de lectura\" \/>\n\t<meta name=\"twitter:data1\" content=\"2 minuts\" \/>\n<script type=\"application\/ld+json\" class=\"yoast-schema-graph\">{\"@context\":\"https:\/\/schema.org\",\"@graph\":[{\"@type\":\"WebPage\",\"@id\":\"https:\/\/www.estaun.es\/ca\/contacte-instalacions-estaun\/\",\"url\":\"https:\/\/www.estaun.es\/ca\/contacte-instalacions-estaun\/\",\"name\":\"Contacte Instal\u00b7lacions ESTA\u00daN | Dom\u00e8stiques, industrials i comercials.\",\"isPartOf\":{\"@id\":\"https:\/\/www.estaun.es\/ca\/#website\"},\"datePublished\":\"2017-12-06T11:42:00+00:00\",\"dateModified\":\"2019-02-01T08:45:06+00:00\",\"description\":\"Contacte ESTA\u00daN, experts en electricitat, calefacci\u00f3, aigua, aire condicionat, tractaments d\u2019aigua i gas. Solicita la teva oferta sense comprom\u00eds\",\"breadcrumb\":{\"@id\":\"https:\/\/www.estaun.es\/ca\/contacte-instalacions-estaun\/#breadcrumb\"},\"inLanguage\":\"ca\",\"potentialAction\":[{\"@type\":\"ReadAction\",\"target\":[\"https:\/\/www.estaun.es\/ca\/contacte-instalacions-estaun\/\"]}]},{\"@type\":\"BreadcrumbList\",\"@id\":\"https:\/\/www.estaun.es\/ca\/contacte-instalacions-estaun\/#breadcrumb\",\"itemListElement\":[{\"@type\":\"ListItem\",\"position\":1,\"name\":\"Portada\",\"item\":\"https:\/\/www.estaun.es\/ca\/\"},{\"@type\":\"ListItem\",\"position\":2,\"name\":\"Contacte\"}]},{\"@type\":\"WebSite\",\"@id\":\"https:\/\/www.estaun.es\/ca\/#website\",\"url\":\"https:\/\/www.estaun.es\/ca\/\",\"name\":\"Instal\u00b7lacions Estaun\",\"description\":\"Expertos en instalaciones de Calderas, Aires Acondicionados, Gas y Agua\",\"publisher\":{\"@id\":\"https:\/\/www.estaun.es\/ca\/#organization\"},\"potentialAction\":[{\"@type\":\"SearchAction\",\"target\":{\"@type\":\"EntryPoint\",\"urlTemplate\":\"https:\/\/www.estaun.es\/ca\/?s={search_term_string}\"},\"query-input\":{\"@type\":\"PropertyValueSpecification\",\"valueRequired\":true,\"valueName\":\"search_term_string\"}}],\"inLanguage\":\"ca\"},{\"@type\":\"Organization\",\"@id\":\"https:\/\/www.estaun.es\/ca\/#organization\",\"name\":\"INSTAL\u00b7LACIONS ESTAUN\",\"url\":\"https:\/\/www.estaun.es\/ca\/\",\"logo\":{\"@type\":\"ImageObject\",\"inLanguage\":\"ca\",\"@id\":\"https:\/\/www.estaun.es\/ca\/#\/schema\/logo\/image\/\",\"url\":\"https:\/\/www.estaun.es\/wp-content\/uploads\/2018\/08\/logo-estaun-instalaciones-grupo-myovalles.png\",\"contentUrl\":\"https:\/\/www.estaun.es\/wp-content\/uploads\/2018\/08\/logo-estaun-instalaciones-grupo-myovalles.png\",\"width\":200,\"height\":51,\"caption\":\"INSTAL\u00b7LACIONS ESTAUN\"},\"image\":{\"@id\":\"https:\/\/www.estaun.es\/ca\/#\/schema\/logo\/image\/\"}}]}<\/script>\n<!-- \/ Yoast SEO plugin. -->","yoast_head_json":{"title":"Contacte Instal\u00b7lacions ESTA\u00daN | Dom\u00e8stiques, industrials i comercials.","description":"Contacte ESTA\u00daN, experts en electricitat, calefacci\u00f3, aigua, aire condicionat, tractaments d\u2019aigua i gas. Solicita la teva oferta sense comprom\u00eds","robots":{"index":"index","follow":"follow","max-snippet":"max-snippet:-1","max-image-preview":"max-image-preview:large","max-video-preview":"max-video-preview:-1"},"canonical":"https:\/\/www.estaun.es\/ca\/contacte-instalacions-estaun\/","og_locale":"ca_ES","og_type":"article","og_title":"Contacte Instal\u00b7lacions ESTA\u00daN | Dom\u00e8stiques, industrials i comercials.","og_description":"Contacte ESTA\u00daN, experts en electricitat, calefacci\u00f3, aigua, aire condicionat, tractaments d\u2019aigua i gas. Solicita la teva oferta sense comprom\u00eds","og_url":"https:\/\/www.estaun.es\/ca\/contacte-instalacions-estaun\/","og_site_name":"Instal\u00b7lacions Estaun experts en instal\u00b7lacions dom\u00e8stiques, industrials i comercials","article_modified_time":"2019-02-01T08:45:06+00:00","twitter_card":"summary_large_image","twitter_misc":{"Temps estimat de lectura":"2 minuts"},"schema":{"@context":"https:\/\/schema.org","@graph":[{"@type":"WebPage","@id":"https:\/\/www.estaun.es\/ca\/contacte-instalacions-estaun\/","url":"https:\/\/www.estaun.es\/ca\/contacte-instalacions-estaun\/","name":"Contacte Instal\u00b7lacions ESTA\u00daN | Dom\u00e8stiques, industrials i comercials.","isPartOf":{"@id":"https:\/\/www.estaun.es\/ca\/#website"},"datePublished":"2017-12-06T11:42:00+00:00","dateModified":"2019-02-01T08:45:06+00:00","description":"Contacte ESTA\u00daN, experts en electricitat, calefacci\u00f3, aigua, aire condicionat, tractaments d\u2019aigua i gas. Solicita la teva oferta sense comprom\u00eds","breadcrumb":{"@id":"https:\/\/www.estaun.es\/ca\/contacte-instalacions-estaun\/#breadcrumb"},"inLanguage":"ca","potentialAction":[{"@type":"ReadAction","target":["https:\/\/www.estaun.es\/ca\/contacte-instalacions-estaun\/"]}]},{"@type":"BreadcrumbList","@id":"https:\/\/www.estaun.es\/ca\/contacte-instalacions-estaun\/#breadcrumb","itemListElement":[{"@type":"ListItem","position":1,"name":"Portada","item":"https:\/\/www.estaun.es\/ca\/"},{"@type":"ListItem","position":2,"name":"Contacte"}]},{"@type":"WebSite","@id":"https:\/\/www.estaun.es\/ca\/#website","url":"https:\/\/www.estaun.es\/ca\/","name":"Instal\u00b7lacions Estaun","description":"Expertos en instalaciones de Calderas, Aires Acondicionados, Gas y Agua","publisher":{"@id":"https:\/\/www.estaun.es\/ca\/#organization"},"potentialAction":[{"@type":"SearchAction","target":{"@type":"EntryPoint","urlTemplate":"https:\/\/www.estaun.es\/ca\/?s={search_term_string}"},"query-input":{"@type":"PropertyValueSpecification","valueRequired":true,"valueName":"search_term_string"}}],"inLanguage":"ca"},{"@type":"Organization","@id":"https:\/\/www.estaun.es\/ca\/#organization","name":"INSTAL\u00b7LACIONS ESTAUN","url":"https:\/\/www.estaun.es\/ca\/","logo":{"@type":"ImageObject","inLanguage":"ca","@id":"https:\/\/www.estaun.es\/ca\/#\/schema\/logo\/image\/","url":"https:\/\/www.estaun.es\/wp-content\/uploads\/2018\/08\/logo-estaun-instalaciones-grupo-myovalles.png","contentUrl":"https:\/\/www.estaun.es\/wp-content\/uploads\/2018\/08\/logo-estaun-instalaciones-grupo-myovalles.png","width":200,"height":51,"caption":"INSTAL\u00b7LACIONS ESTAUN"},"image":{"@id":"https:\/\/www.estaun.es\/ca\/#\/schema\/logo\/image\/"}}]}},"_links":{"self":[{"href":"https:\/\/www.estaun.es\/ca\/wp-json\/wp\/v2\/pages\/1080","targetHints":{"allow":["GET"]}}],"collection":[{"href":"https:\/\/www.estaun.es\/ca\/wp-json\/wp\/v2\/pages"}],"about":[{"href":"https:\/\/www.estaun.es\/ca\/wp-json\/wp\/v2\/types\/page"}],"author":[{"embeddable":true,"href":"https:\/\/www.estaun.es\/ca\/wp-json\/wp\/v2\/users\/3"}],"replies":[{"embeddable":true,"href":"https:\/\/www.estaun.es\/ca\/wp-json\/wp\/v2\/comments?post=1080"}],"version-history":[{"count":21,"href":"https:\/\/www.estaun.es\/ca\/wp-json\/wp\/v2\/pages\/1080\/revisions"}],"predecessor-version":[{"id":2354,"href":"https:\/\/www.estaun.es\/ca\/wp-json\/wp\/v2\/pages\/1080\/revisions\/2354"}],"wp:attachment":[{"href":"https:\/\/www.estaun.es\/ca\/wp-json\/wp\/v2\/media?parent=1080"}],"curies":[{"name":"wp","href":"https:\/\/api.w.org\/{rel}","templated":true}]}}