{"id":2080,"date":"2018-10-02T14:53:40","date_gmt":"2018-10-02T14:53:40","guid":{"rendered":"https:\/\/www.estaun.es\/wordpress\/?page_id=2080"},"modified":"2018-10-05T05:38:39","modified_gmt":"2018-10-05T05:38:39","slug":"politica-de-privadesa","status":"publish","type":"page","link":"https:\/\/www.estaun.es\/ca\/politica-de-privadesa\/","title":{"rendered":"Pol\u00edtica de privadesa"},"content":{"rendered":"<div class=\"wpb-content-wrapper\"><p>[vc_row][vc_column][vc_column_text]<strong>POL\u00cdTICA DE PROTECCI\u00d3N DE DATOS<\/strong><\/p>\n<p>Titular del dominio web INSTAL LACIONS ESTAUN, SL<br \/>\nB65703498 Tel\u00e9fono: 627485588<br \/>\nCALLE DELS AMETLLERS N\u00ba3 Viladecavalls-Barcelona.<br \/>\nwww.estaun.es<\/p>\n<p>Se expone que:<br \/>\nPara acceder a los servicios que INSTAL LACIONS ESTAUN, SL ofrece a trav\u00e9s de su dominio web www.estaun.es el usuario deber\u00e1 proporcionar en ocasiones algunos datos de car\u00e1cter personal. Por ello, en cumplimiento de lo establecido en la LOPD 15\/1999 de 13 de diciembre y el Reglamento (UE) 2016\/679 le informamos que sus datos personales formar\u00e1n parte de nuestra base de datos por 5 a\u00f1os m\u00e1ximo cuando se fideliza como cliente. Nuestros ficheros est\u00e1n debidamente protegidos y resguardados y a su vez llevamos el Sistema de Gesti\u00f3n Interno cumpliendo con todas las cl\u00e1usulas del RGPD 05\/2016, y el fin de esto es poderle prestar y ofrecer nuestros servicios y poder mantenerles informados.<\/p>\n<p>Tambi\u00e9n les informamos de la posibilidad de ejercer sus derechos de acceso, rectificaci\u00f3n, supresi\u00f3n u olvido, limitaci\u00f3n de tratamiento, oposici\u00f3n de sus datos, derecho a la portabilidad de los datos, derecho a la limitaci\u00f3n del tratamiento de car\u00e1cter personal, de forma presencial o por correo ordinario en nuestras oficinas ubicadas en CALLE DELS AMETLLERS N\u00ba3 Viladecavalls-Barcelona o a trav\u00e9s de nuestro correo electr\u00f3nico info@estaun.es<\/p>\n<p>Tambi\u00e9n le asiste el derecho a retirar el consentimiento prestado en cualquier momento, sin que ello afecte a la licitud del tratamiento basado en el consentimiento previo a su retirada.<\/p>\n<p>INSTAL LACIONS ESTAUN, SL se reserva el derecho de compartir sus datos \u201cno personales\u201d con nuestras sociedades colaboradoras del ramo a fin de brindarles el servicio por el cual nos contactan, con el mero objeto de poder cumplir con dicho contrato de servicio.<\/p>\n<p>La finalidad de tratamiento es m\u00e1s concretamente: Uso de datos b\u00e1sicos para la facturaci\u00f3n y fidelizaci\u00f3n como cliente<\/p>\n<p>Para cualquier reclamaci\u00f3n, siempre que considere que pueda existir una vulneraci\u00f3n de sus datos personales, o de los derechos que le asisten en esta materia, puede acudir ante la Agencia Espa\u00f1ola de Protecci\u00f3n de datos y a su vez ante nuestro Encargado del Sistema de Protecci\u00f3n R3J Asigest. S.L.<\/p>\n<p>Es imprescindible la comunicaci\u00f3n de los datos personales solicitados para poder proceder con el contrato, por lo que, de no facilitarnos sus datos de empresa no podremos proseguir con la actividad encargada. Los datos personales los obtenemos a trav\u00e9s del Interesado directamente.[\/vc_column_text][\/vc_column][\/vc_row][vc_row css=&#8221;.vc_custom_1538492272147{padding-top: 55px !important;padding-bottom: 55px !important;}&#8221;][vc_column][vc_single_image image=&#8221;2084&#8243; img_size=&#8221;full&#8221; alignment=&#8221;center&#8221; style=&#8221;vc_box_outline&#8221;][\/vc_column][\/vc_row]<\/p>\n<\/div>","protected":false},"excerpt":{"rendered":"<p>[vc_row][vc_column][vc_column_text]POL\u00cdTICA DE PROTECCI\u00d3N DE DATOS Titular del dominio web INSTAL LACIONS ESTAUN, SL B65703498 Tel\u00e9fono: 627485588 CALLE DELS AMETLLERS N\u00ba3 Viladecavalls-Barcelona. www.estaun.es Se expone que: Para acceder a los servicios que INSTAL LACIONS ESTAUN, SL ofrece a trav\u00e9s de su dominio web www.estaun.es el usuario deber\u00e1 proporcionar en ocasiones algunos datos de car\u00e1cter personal. Por&hellip;<\/p>\n","protected":false},"author":3,"featured_media":0,"parent":0,"menu_order":0,"comment_status":"closed","ping_status":"closed","template":"","meta":{"footnotes":""},"class_list":["post-2080","page","type-page","status-publish","hentry","description-off"],"yoast_head":"<!-- This site is optimized with the Yoast SEO plugin v25.2 - https:\/\/yoast.com\/wordpress\/plugins\/seo\/ -->\n<title>Pol\u00edtica de privadesa | Instal\u00b7lacions Estaun experts en instal\u00b7lacions dom\u00e8stiques, industrials i comercials<\/title>\n<meta name=\"robots\" content=\"noindex, nofollow\" \/>\n<meta property=\"og:locale\" content=\"ca_ES\" \/>\n<meta property=\"og:type\" content=\"article\" \/>\n<meta property=\"og:title\" content=\"Pol\u00edtica de privadesa | Instal\u00b7lacions Estaun experts en instal\u00b7lacions dom\u00e8stiques, industrials i comercials\" \/>\n<meta property=\"og:description\" content=\"[vc_row][vc_column][vc_column_text]POL\u00cdTICA DE PROTECCI\u00d3N DE DATOS Titular del dominio web INSTAL LACIONS ESTAUN, SL B65703498 Tel\u00e9fono: 627485588 CALLE DELS AMETLLERS N\u00ba3 Viladecavalls-Barcelona. www.estaun.es Se expone que: Para acceder a los servicios que INSTAL LACIONS ESTAUN, SL ofrece a trav\u00e9s de su dominio web www.estaun.es el usuario deber\u00e1 proporcionar en ocasiones algunos datos de car\u00e1cter personal. Por&hellip;\" \/>\n<meta property=\"og:url\" content=\"https:\/\/www.estaun.es\/ca\/politica-de-privadesa\/\" \/>\n<meta property=\"og:site_name\" content=\"Instal\u00b7lacions Estaun experts en instal\u00b7lacions dom\u00e8stiques, industrials i comercials\" \/>\n<meta property=\"article:modified_time\" content=\"2018-10-05T05:38:39+00:00\" \/>\n<meta name=\"twitter:card\" content=\"summary_large_image\" \/>\n<meta name=\"twitter:label1\" content=\"Temps estimat de lectura\" \/>\n\t<meta name=\"twitter:data1\" content=\"2 minuts\" \/>\n<script type=\"application\/ld+json\" class=\"yoast-schema-graph\">{\"@context\":\"https:\/\/schema.org\",\"@graph\":[{\"@type\":\"WebPage\",\"@id\":\"https:\/\/www.estaun.es\/ca\/politica-de-privadesa\/\",\"url\":\"https:\/\/www.estaun.es\/ca\/politica-de-privadesa\/\",\"name\":\"Pol\u00edtica de privadesa | Instal\u00b7lacions Estaun experts en instal\u00b7lacions dom\u00e8stiques, industrials i comercials\",\"isPartOf\":{\"@id\":\"https:\/\/www.estaun.es\/ca\/#website\"},\"datePublished\":\"2018-10-02T14:53:40+00:00\",\"dateModified\":\"2018-10-05T05:38:39+00:00\",\"breadcrumb\":{\"@id\":\"https:\/\/www.estaun.es\/ca\/politica-de-privadesa\/#breadcrumb\"},\"inLanguage\":\"ca\",\"potentialAction\":[{\"@type\":\"ReadAction\",\"target\":[\"https:\/\/www.estaun.es\/ca\/politica-de-privadesa\/\"]}]},{\"@type\":\"BreadcrumbList\",\"@id\":\"https:\/\/www.estaun.es\/ca\/politica-de-privadesa\/#breadcrumb\",\"itemListElement\":[{\"@type\":\"ListItem\",\"position\":1,\"name\":\"Portada\",\"item\":\"https:\/\/www.estaun.es\/ca\/\"},{\"@type\":\"ListItem\",\"position\":2,\"name\":\"Pol\u00edtica de privadesa\"}]},{\"@type\":\"WebSite\",\"@id\":\"https:\/\/www.estaun.es\/ca\/#website\",\"url\":\"https:\/\/www.estaun.es\/ca\/\",\"name\":\"Instal\u00b7lacions Estaun\",\"description\":\"Expertos en instalaciones de Calderas, Aires Acondicionados, Gas y Agua\",\"publisher\":{\"@id\":\"https:\/\/www.estaun.es\/ca\/#organization\"},\"potentialAction\":[{\"@type\":\"SearchAction\",\"target\":{\"@type\":\"EntryPoint\",\"urlTemplate\":\"https:\/\/www.estaun.es\/ca\/?s={search_term_string}\"},\"query-input\":{\"@type\":\"PropertyValueSpecification\",\"valueRequired\":true,\"valueName\":\"search_term_string\"}}],\"inLanguage\":\"ca\"},{\"@type\":\"Organization\",\"@id\":\"https:\/\/www.estaun.es\/ca\/#organization\",\"name\":\"INSTAL\u00b7LACIONS ESTAUN\",\"url\":\"https:\/\/www.estaun.es\/ca\/\",\"logo\":{\"@type\":\"ImageObject\",\"inLanguage\":\"ca\",\"@id\":\"https:\/\/www.estaun.es\/ca\/#\/schema\/logo\/image\/\",\"url\":\"https:\/\/www.estaun.es\/wp-content\/uploads\/2018\/08\/logo-estaun-instalaciones-grupo-myovalles.png\",\"contentUrl\":\"https:\/\/www.estaun.es\/wp-content\/uploads\/2018\/08\/logo-estaun-instalaciones-grupo-myovalles.png\",\"width\":200,\"height\":51,\"caption\":\"INSTAL\u00b7LACIONS ESTAUN\"},\"image\":{\"@id\":\"https:\/\/www.estaun.es\/ca\/#\/schema\/logo\/image\/\"}}]}<\/script>\n<!-- \/ Yoast SEO plugin. -->","yoast_head_json":{"title":"Pol\u00edtica de privadesa | Instal\u00b7lacions Estaun experts en instal\u00b7lacions dom\u00e8stiques, industrials i comercials","robots":{"index":"noindex","follow":"nofollow"},"og_locale":"ca_ES","og_type":"article","og_title":"Pol\u00edtica de privadesa | Instal\u00b7lacions Estaun experts en instal\u00b7lacions dom\u00e8stiques, industrials i comercials","og_description":"[vc_row][vc_column][vc_column_text]POL\u00cdTICA DE PROTECCI\u00d3N DE DATOS Titular del dominio web INSTAL LACIONS ESTAUN, SL B65703498 Tel\u00e9fono: 627485588 CALLE DELS AMETLLERS N\u00ba3 Viladecavalls-Barcelona. www.estaun.es Se expone que: Para acceder a los servicios que INSTAL LACIONS ESTAUN, SL ofrece a trav\u00e9s de su dominio web www.estaun.es el usuario deber\u00e1 proporcionar en ocasiones algunos datos de car\u00e1cter personal. Por&hellip;","og_url":"https:\/\/www.estaun.es\/ca\/politica-de-privadesa\/","og_site_name":"Instal\u00b7lacions Estaun experts en instal\u00b7lacions dom\u00e8stiques, industrials i comercials","article_modified_time":"2018-10-05T05:38:39+00:00","twitter_card":"summary_large_image","twitter_misc":{"Temps estimat de lectura":"2 minuts"},"schema":{"@context":"https:\/\/schema.org","@graph":[{"@type":"WebPage","@id":"https:\/\/www.estaun.es\/ca\/politica-de-privadesa\/","url":"https:\/\/www.estaun.es\/ca\/politica-de-privadesa\/","name":"Pol\u00edtica de privadesa | Instal\u00b7lacions Estaun experts en instal\u00b7lacions dom\u00e8stiques, industrials i comercials","isPartOf":{"@id":"https:\/\/www.estaun.es\/ca\/#website"},"datePublished":"2018-10-02T14:53:40+00:00","dateModified":"2018-10-05T05:38:39+00:00","breadcrumb":{"@id":"https:\/\/www.estaun.es\/ca\/politica-de-privadesa\/#breadcrumb"},"inLanguage":"ca","potentialAction":[{"@type":"ReadAction","target":["https:\/\/www.estaun.es\/ca\/politica-de-privadesa\/"]}]},{"@type":"BreadcrumbList","@id":"https:\/\/www.estaun.es\/ca\/politica-de-privadesa\/#breadcrumb","itemListElement":[{"@type":"ListItem","position":1,"name":"Portada","item":"https:\/\/www.estaun.es\/ca\/"},{"@type":"ListItem","position":2,"name":"Pol\u00edtica de privadesa"}]},{"@type":"WebSite","@id":"https:\/\/www.estaun.es\/ca\/#website","url":"https:\/\/www.estaun.es\/ca\/","name":"Instal\u00b7lacions Estaun","description":"Expertos en instalaciones de Calderas, Aires Acondicionados, Gas y Agua","publisher":{"@id":"https:\/\/www.estaun.es\/ca\/#organization"},"potentialAction":[{"@type":"SearchAction","target":{"@type":"EntryPoint","urlTemplate":"https:\/\/www.estaun.es\/ca\/?s={search_term_string}"},"query-input":{"@type":"PropertyValueSpecification","valueRequired":true,"valueName":"search_term_string"}}],"inLanguage":"ca"},{"@type":"Organization","@id":"https:\/\/www.estaun.es\/ca\/#organization","name":"INSTAL\u00b7LACIONS ESTAUN","url":"https:\/\/www.estaun.es\/ca\/","logo":{"@type":"ImageObject","inLanguage":"ca","@id":"https:\/\/www.estaun.es\/ca\/#\/schema\/logo\/image\/","url":"https:\/\/www.estaun.es\/wp-content\/uploads\/2018\/08\/logo-estaun-instalaciones-grupo-myovalles.png","contentUrl":"https:\/\/www.estaun.es\/wp-content\/uploads\/2018\/08\/logo-estaun-instalaciones-grupo-myovalles.png","width":200,"height":51,"caption":"INSTAL\u00b7LACIONS ESTAUN"},"image":{"@id":"https:\/\/www.estaun.es\/ca\/#\/schema\/logo\/image\/"}}]}},"_links":{"self":[{"href":"https:\/\/www.estaun.es\/ca\/wp-json\/wp\/v2\/pages\/2080","targetHints":{"allow":["GET"]}}],"collection":[{"href":"https:\/\/www.estaun.es\/ca\/wp-json\/wp\/v2\/pages"}],"about":[{"href":"https:\/\/www.estaun.es\/ca\/wp-json\/wp\/v2\/types\/page"}],"author":[{"embeddable":true,"href":"https:\/\/www.estaun.es\/ca\/wp-json\/wp\/v2\/users\/3"}],"replies":[{"embeddable":true,"href":"https:\/\/www.estaun.es\/ca\/wp-json\/wp\/v2\/comments?post=2080"}],"version-history":[{"count":5,"href":"https:\/\/www.estaun.es\/ca\/wp-json\/wp\/v2\/pages\/2080\/revisions"}],"predecessor-version":[{"id":2086,"href":"https:\/\/www.estaun.es\/ca\/wp-json\/wp\/v2\/pages\/2080\/revisions\/2086"}],"wp:attachment":[{"href":"https:\/\/www.estaun.es\/ca\/wp-json\/wp\/v2\/media?parent=2080"}],"curies":[{"name":"wp","href":"https:\/\/api.w.org\/{rel}","templated":true}]}}