{"id":2112,"date":"2018-10-03T13:16:14","date_gmt":"2018-10-03T13:16:14","guid":{"rendered":"https:\/\/www.estaun.es\/wordpress\/?page_id=2112"},"modified":"2018-10-05T06:47:44","modified_gmt":"2018-10-05T06:47:44","slug":"demana-pressupost-estaun","status":"publish","type":"page","link":"https:\/\/www.estaun.es\/ca\/demana-pressupost-estaun\/","title":{"rendered":"Demana pressupost Estaun"},"content":{"rendered":"<div class=\"wpb-content-wrapper\"><p>[vc_row full_width=&#8221;stretch_row&#8221; bg_type=&#8221;image&#8221; parallax_style=&#8221;vcpb-default&#8221; bg_image_new=&#8221;id^2053|url^https:\/\/www.estaun.es\/wp-content\/uploads\/2018\/10\/estaun-background.jpg|caption^null|alt^null|title^estaun-background|description^null&#8221; bg_image_size=&#8221;initial&#8221; bg_override=&#8221;ex-full&#8221; css=&#8221;.vc_custom_1538575518781{padding-top: 55px !important;padding-bottom: 55px !important;}&#8221;][vc_column width=&#8221;1\/6&#8243;][\/vc_column][vc_column width=&#8221;2\/3&#8243;]\n<div class=\"wpcf7 no-js\" id=\"wpcf7-f2111-o1\" lang=\"ca\" dir=\"ltr\" data-wpcf7-id=\"2111\">\n<div class=\"screen-reader-response\"><p role=\"status\" aria-live=\"polite\" aria-atomic=\"true\"><\/p> <ul><\/ul><\/div>\n<form action=\"\/ca\/wp-json\/wp\/v2\/pages\/2112#wpcf7-f2111-o1\" method=\"post\" class=\"wpcf7-form init\" aria-label=\"Formulari de contacte\" novalidate=\"novalidate\" data-status=\"init\">\n<div style=\"display: none;\">\n<input type=\"hidden\" name=\"_wpcf7\" value=\"2111\" \/>\n<input type=\"hidden\" name=\"_wpcf7_version\" value=\"6.0.6\" \/>\n<input type=\"hidden\" name=\"_wpcf7_locale\" value=\"ca\" \/>\n<input type=\"hidden\" name=\"_wpcf7_unit_tag\" value=\"wpcf7-f2111-o1\" \/>\n<input type=\"hidden\" name=\"_wpcf7_container_post\" value=\"0\" \/>\n<input type=\"hidden\" name=\"_wpcf7_posted_data_hash\" value=\"\" \/>\n<input type=\"hidden\" name=\"_wpcf7_recaptcha_response\" value=\"\" \/>\n<\/div>\n<p><label> Nom i cognom (*)<br \/>\n<span class=\"wpcf7-form-control-wrap\" data-name=\"your-name\"><input size=\"40\" maxlength=\"400\" class=\"wpcf7-form-control wpcf7-text wpcf7-validates-as-required\" aria-required=\"true\" aria-invalid=\"false\" value=\"\" type=\"text\" name=\"your-name\" \/><\/span> <\/label>\n<\/p>\n<p><label> Email (*)<br \/>\n<span class=\"wpcf7-form-control-wrap\" data-name=\"your-email\"><input size=\"40\" maxlength=\"400\" class=\"wpcf7-form-control wpcf7-email wpcf7-validates-as-required wpcf7-text wpcf7-validates-as-email\" aria-required=\"true\" aria-invalid=\"false\" value=\"\" type=\"email\" name=\"your-email\" \/><\/span> <\/label>\n<\/p>\n<p><label> Tel\u00e8fon (*)<br \/>\n<span class=\"wpcf7-form-control-wrap\" data-name=\"tel-830\"><input size=\"40\" maxlength=\"400\" class=\"wpcf7-form-control wpcf7-tel wpcf7-validates-as-required wpcf7-text wpcf7-validates-as-tel\" aria-required=\"true\" aria-invalid=\"false\" value=\"\" type=\"tel\" name=\"tel-830\" \/><\/span> <\/label>\n<\/p>\n<p><label> Sel\u00b7leciona servei (*)<br \/>\n<span class=\"wpcf7-form-control-wrap\" data-name=\"menu-899\"><select class=\"wpcf7-form-control wpcf7-select wpcf7-validates-as-required\" aria-required=\"true\" aria-invalid=\"false\" name=\"menu-899\"><option value=\"Demanar oferta existent\">Demanar oferta existent<\/option><option value=\"Pressupost Electricitat\">Pressupost Electricitat<\/option><option value=\"Pressupost Calefacci\u00f3\">Pressupost Calefacci\u00f3<\/option><option value=\"Pressupost Tractaments d&#039;aigua\">Pressupost Tractaments d&#039;aigua<\/option><option value=\"Pressupost Aire acondicionat\">Pressupost Aire acondicionat<\/option><option value=\"Pressupost Gas\">Pressupost Gas<\/option><option value=\"Pressupost Aigua\">Pressupost Aigua<\/option><\/select><\/span> <\/label>\n<\/p>\n<p><label> Breu descripci\u00f3<br \/>\n<span class=\"wpcf7-form-control-wrap\" data-name=\"textarea-514\"><textarea cols=\"40\" rows=\"10\" maxlength=\"2000\" class=\"wpcf7-form-control wpcf7-textarea wpcf7-validates-as-required\" aria-required=\"true\" aria-invalid=\"false\" name=\"textarea-514\"><\/textarea><\/span> <\/label>\n<\/p>\n<p><span class=\"wpcf7-form-control-wrap\" data-name=\"checkbox-839\"><span class=\"wpcf7-form-control wpcf7-checkbox wpcf7-validates-as-required\"><span class=\"wpcf7-list-item first last\"><input type=\"checkbox\" name=\"checkbox-839[]\" value=\"\" \/><span class=\"wpcf7-list-item-label\"><\/span><\/span><\/span><\/span><span style=\"font-size:9px; text-align:justify;\"> INSTAL\u00b7LACIONS ESTAUN, SL. tratar\u00e1, como responsable, sus datos personales para la gesti\u00f3n de la informaci\u00f3n de actividades, productos y servicios relacionados de INSTAL LACIONS ESTAUN, SL. La base legal para el tratamiento de sus datos es el presente consentimiento. Para poder enviarle informaci\u00f3n sobre las actividades, productos y servicios relacionados INSTAL LACIONS ESTAUN, SL. por cualquier medio, incluido el correo electr\u00f3nico, es necesario que lo indique expresamente marcando la casilla. Podr\u00e1 ejercitar los derechos de acceso, rectificaci\u00f3n, supresi\u00f3n, portabilidad, oposici\u00f3n y limitaci\u00f3n al tratamiento de sus datos, dirigi\u00e9ndose a la Calle dels ametllers, N\u00ba3 08232 Viladecavalls (Barcelona), as\u00ed como tambi\u00e9n por nuestro correo electr\u00f3nico:info@estaun.es y en nuestra p\u00e1gina web: http:\/\/www.estaun.es\/.<\/span>\n<\/p>\n<p><input class=\"wpcf7-form-control wpcf7-submit has-spinner\" type=\"submit\" value=\"Enviar\" \/>\n<\/p><div class=\"wpcf7-response-output\" aria-hidden=\"true\"><\/div>\n<\/form>\n<\/div>\n[\/vc_column][vc_column width=&#8221;1\/6&#8243;][\/vc_column][\/vc_row]<\/p>\n<\/div>","protected":false},"excerpt":{"rendered":"<p>[vc_row full_width=&#8221;stretch_row&#8221; bg_type=&#8221;image&#8221; parallax_style=&#8221;vcpb-default&#8221; bg_image_new=&#8221;id^2053|url^https:\/\/www.estaun.es\/wp-content\/uploads\/2018\/10\/estaun-background.jpg|caption^null|alt^null|title^estaun-background|description^null&#8221; bg_image_size=&#8221;initial&#8221; bg_override=&#8221;ex-full&#8221; css=&#8221;.vc_custom_1538575518781{padding-top: 55px !important;padding-bottom: 55px !important;}&#8221;][vc_column width=&#8221;1\/6&#8243;][\/vc_column][vc_column width=&#8221;2\/3&#8243;][\/vc_column][vc_column width=&#8221;1\/6&#8243;][\/vc_column][\/vc_row]<\/p>\n","protected":false},"author":3,"featured_media":0,"parent":0,"menu_order":0,"comment_status":"closed","ping_status":"closed","template":"","meta":{"footnotes":""},"class_list":["post-2112","page","type-page","status-publish","hentry","description-off"],"yoast_head":"<!-- This site is optimized with the Yoast SEO plugin v25.2 - https:\/\/yoast.com\/wordpress\/plugins\/seo\/ -->\n<title>Demana pressupost Estaun | Instal\u00b7lacions Estaun experts en instal\u00b7lacions dom\u00e8stiques, industrials i comercials<\/title>\n<meta name=\"description\" content=\"Demana el teu pressupost sense compromis de calefacci\u00f3, aigua, gas, electricitat o tractaments d&#039;aigua. Instal\u00b7ladadors oficials Ferroli i Vaillant\" \/>\n<meta name=\"robots\" content=\"index, follow, max-snippet:-1, max-image-preview:large, max-video-preview:-1\" \/>\n<link rel=\"canonical\" href=\"https:\/\/www.estaun.es\/ca\/demana-pressupost-estaun\/\" \/>\n<meta property=\"og:locale\" content=\"ca_ES\" \/>\n<meta property=\"og:type\" content=\"article\" \/>\n<meta property=\"og:title\" content=\"Demana pressupost Estaun | Instal\u00b7lacions Estaun experts en instal\u00b7lacions dom\u00e8stiques, industrials i comercials\" \/>\n<meta property=\"og:description\" content=\"Demana el teu pressupost sense compromis de calefacci\u00f3, aigua, gas, electricitat o tractaments d&#039;aigua. Instal\u00b7ladadors oficials Ferroli i Vaillant\" \/>\n<meta property=\"og:url\" content=\"https:\/\/www.estaun.es\/ca\/demana-pressupost-estaun\/\" \/>\n<meta property=\"og:site_name\" content=\"Instal\u00b7lacions Estaun experts en instal\u00b7lacions dom\u00e8stiques, industrials i comercials\" \/>\n<meta property=\"article:modified_time\" content=\"2018-10-05T06:47:44+00:00\" \/>\n<meta name=\"twitter:card\" content=\"summary_large_image\" \/>\n<script type=\"application\/ld+json\" class=\"yoast-schema-graph\">{\"@context\":\"https:\/\/schema.org\",\"@graph\":[{\"@type\":\"WebPage\",\"@id\":\"https:\/\/www.estaun.es\/ca\/demana-pressupost-estaun\/\",\"url\":\"https:\/\/www.estaun.es\/ca\/demana-pressupost-estaun\/\",\"name\":\"Demana pressupost Estaun | Instal\u00b7lacions Estaun experts en instal\u00b7lacions dom\u00e8stiques, industrials i comercials\",\"isPartOf\":{\"@id\":\"https:\/\/www.estaun.es\/ca\/#website\"},\"datePublished\":\"2018-10-03T13:16:14+00:00\",\"dateModified\":\"2018-10-05T06:47:44+00:00\",\"description\":\"Demana el teu pressupost sense compromis de calefacci\u00f3, aigua, gas, electricitat o tractaments d'aigua. Instal\u00b7ladadors oficials Ferroli i Vaillant\",\"breadcrumb\":{\"@id\":\"https:\/\/www.estaun.es\/ca\/demana-pressupost-estaun\/#breadcrumb\"},\"inLanguage\":\"ca\",\"potentialAction\":[{\"@type\":\"ReadAction\",\"target\":[\"https:\/\/www.estaun.es\/ca\/demana-pressupost-estaun\/\"]}]},{\"@type\":\"BreadcrumbList\",\"@id\":\"https:\/\/www.estaun.es\/ca\/demana-pressupost-estaun\/#breadcrumb\",\"itemListElement\":[{\"@type\":\"ListItem\",\"position\":1,\"name\":\"Portada\",\"item\":\"https:\/\/www.estaun.es\/ca\/\"},{\"@type\":\"ListItem\",\"position\":2,\"name\":\"Demana pressupost Estaun\"}]},{\"@type\":\"WebSite\",\"@id\":\"https:\/\/www.estaun.es\/ca\/#website\",\"url\":\"https:\/\/www.estaun.es\/ca\/\",\"name\":\"Instal\u00b7lacions Estaun\",\"description\":\"Expertos en instalaciones de Calderas, Aires Acondicionados, Gas y Agua\",\"publisher\":{\"@id\":\"https:\/\/www.estaun.es\/ca\/#organization\"},\"potentialAction\":[{\"@type\":\"SearchAction\",\"target\":{\"@type\":\"EntryPoint\",\"urlTemplate\":\"https:\/\/www.estaun.es\/ca\/?s={search_term_string}\"},\"query-input\":{\"@type\":\"PropertyValueSpecification\",\"valueRequired\":true,\"valueName\":\"search_term_string\"}}],\"inLanguage\":\"ca\"},{\"@type\":\"Organization\",\"@id\":\"https:\/\/www.estaun.es\/ca\/#organization\",\"name\":\"INSTAL\u00b7LACIONS ESTAUN\",\"url\":\"https:\/\/www.estaun.es\/ca\/\",\"logo\":{\"@type\":\"ImageObject\",\"inLanguage\":\"ca\",\"@id\":\"https:\/\/www.estaun.es\/ca\/#\/schema\/logo\/image\/\",\"url\":\"https:\/\/www.estaun.es\/wp-content\/uploads\/2018\/08\/logo-estaun-instalaciones-grupo-myovalles.png\",\"contentUrl\":\"https:\/\/www.estaun.es\/wp-content\/uploads\/2018\/08\/logo-estaun-instalaciones-grupo-myovalles.png\",\"width\":200,\"height\":51,\"caption\":\"INSTAL\u00b7LACIONS ESTAUN\"},\"image\":{\"@id\":\"https:\/\/www.estaun.es\/ca\/#\/schema\/logo\/image\/\"}}]}<\/script>\n<!-- \/ Yoast SEO plugin. -->","yoast_head_json":{"title":"Demana pressupost Estaun | Instal\u00b7lacions Estaun experts en instal\u00b7lacions dom\u00e8stiques, industrials i comercials","description":"Demana el teu pressupost sense compromis de calefacci\u00f3, aigua, gas, electricitat o tractaments d'aigua. Instal\u00b7ladadors oficials Ferroli i Vaillant","robots":{"index":"index","follow":"follow","max-snippet":"max-snippet:-1","max-image-preview":"max-image-preview:large","max-video-preview":"max-video-preview:-1"},"canonical":"https:\/\/www.estaun.es\/ca\/demana-pressupost-estaun\/","og_locale":"ca_ES","og_type":"article","og_title":"Demana pressupost Estaun | Instal\u00b7lacions Estaun experts en instal\u00b7lacions dom\u00e8stiques, industrials i comercials","og_description":"Demana el teu pressupost sense compromis de calefacci\u00f3, aigua, gas, electricitat o tractaments d'aigua. Instal\u00b7ladadors oficials Ferroli i Vaillant","og_url":"https:\/\/www.estaun.es\/ca\/demana-pressupost-estaun\/","og_site_name":"Instal\u00b7lacions Estaun experts en instal\u00b7lacions dom\u00e8stiques, industrials i comercials","article_modified_time":"2018-10-05T06:47:44+00:00","twitter_card":"summary_large_image","schema":{"@context":"https:\/\/schema.org","@graph":[{"@type":"WebPage","@id":"https:\/\/www.estaun.es\/ca\/demana-pressupost-estaun\/","url":"https:\/\/www.estaun.es\/ca\/demana-pressupost-estaun\/","name":"Demana pressupost Estaun | Instal\u00b7lacions Estaun experts en instal\u00b7lacions dom\u00e8stiques, industrials i comercials","isPartOf":{"@id":"https:\/\/www.estaun.es\/ca\/#website"},"datePublished":"2018-10-03T13:16:14+00:00","dateModified":"2018-10-05T06:47:44+00:00","description":"Demana el teu pressupost sense compromis de calefacci\u00f3, aigua, gas, electricitat o tractaments d'aigua. Instal\u00b7ladadors oficials Ferroli i Vaillant","breadcrumb":{"@id":"https:\/\/www.estaun.es\/ca\/demana-pressupost-estaun\/#breadcrumb"},"inLanguage":"ca","potentialAction":[{"@type":"ReadAction","target":["https:\/\/www.estaun.es\/ca\/demana-pressupost-estaun\/"]}]},{"@type":"BreadcrumbList","@id":"https:\/\/www.estaun.es\/ca\/demana-pressupost-estaun\/#breadcrumb","itemListElement":[{"@type":"ListItem","position":1,"name":"Portada","item":"https:\/\/www.estaun.es\/ca\/"},{"@type":"ListItem","position":2,"name":"Demana pressupost Estaun"}]},{"@type":"WebSite","@id":"https:\/\/www.estaun.es\/ca\/#website","url":"https:\/\/www.estaun.es\/ca\/","name":"Instal\u00b7lacions Estaun","description":"Expertos en instalaciones de Calderas, Aires Acondicionados, Gas y Agua","publisher":{"@id":"https:\/\/www.estaun.es\/ca\/#organization"},"potentialAction":[{"@type":"SearchAction","target":{"@type":"EntryPoint","urlTemplate":"https:\/\/www.estaun.es\/ca\/?s={search_term_string}"},"query-input":{"@type":"PropertyValueSpecification","valueRequired":true,"valueName":"search_term_string"}}],"inLanguage":"ca"},{"@type":"Organization","@id":"https:\/\/www.estaun.es\/ca\/#organization","name":"INSTAL\u00b7LACIONS ESTAUN","url":"https:\/\/www.estaun.es\/ca\/","logo":{"@type":"ImageObject","inLanguage":"ca","@id":"https:\/\/www.estaun.es\/ca\/#\/schema\/logo\/image\/","url":"https:\/\/www.estaun.es\/wp-content\/uploads\/2018\/08\/logo-estaun-instalaciones-grupo-myovalles.png","contentUrl":"https:\/\/www.estaun.es\/wp-content\/uploads\/2018\/08\/logo-estaun-instalaciones-grupo-myovalles.png","width":200,"height":51,"caption":"INSTAL\u00b7LACIONS ESTAUN"},"image":{"@id":"https:\/\/www.estaun.es\/ca\/#\/schema\/logo\/image\/"}}]}},"_links":{"self":[{"href":"https:\/\/www.estaun.es\/ca\/wp-json\/wp\/v2\/pages\/2112","targetHints":{"allow":["GET"]}}],"collection":[{"href":"https:\/\/www.estaun.es\/ca\/wp-json\/wp\/v2\/pages"}],"about":[{"href":"https:\/\/www.estaun.es\/ca\/wp-json\/wp\/v2\/types\/page"}],"author":[{"embeddable":true,"href":"https:\/\/www.estaun.es\/ca\/wp-json\/wp\/v2\/users\/3"}],"replies":[{"embeddable":true,"href":"https:\/\/www.estaun.es\/ca\/wp-json\/wp\/v2\/comments?post=2112"}],"version-history":[{"count":5,"href":"https:\/\/www.estaun.es\/ca\/wp-json\/wp\/v2\/pages\/2112\/revisions"}],"predecessor-version":[{"id":2145,"href":"https:\/\/www.estaun.es\/ca\/wp-json\/wp\/v2\/pages\/2112\/revisions\/2145"}],"wp:attachment":[{"href":"https:\/\/www.estaun.es\/ca\/wp-json\/wp\/v2\/media?parent=2112"}],"curies":[{"name":"wp","href":"https:\/\/api.w.org\/{rel}","templated":true}]}}